{"id":969,"date":"2023-01-20T00:35:30","date_gmt":"2023-01-20T00:35:30","guid":{"rendered":"https:\/\/sherbrooke.redebins.ca\/?post_type=product&#038;p=969"},"modified":"2025-10-22T11:07:48","modified_gmt":"2025-10-22T16:07:48","slug":"15-yard-household-garbage-7","status":"publish","type":"product","link":"https:\/\/sherbrooke.redebins.ca\/fr\/produit\/15-yard-household-garbage-7\/","title":{"rendered":"Benne de 15 verges 7 jour"},"content":{"rendered":"<p>Benne de 15 verges. Parfait pour les d\u00e9chets m\u00e9nagers. (Le b\u00e9ton, le gravier, la boue et les bardeaux ne sont pas autoris\u00e9s dans la poubelle).<\/p>","protected":false},"excerpt":{"rendered":"<p>Benne de 15 verges. Parfait pour les d\u00e9chets m\u00e9nagers. (Le b\u00e9ton, le gravier, la boue et les bardeaux ne sont pas autoris\u00e9s dans la poubelle).<\/p>","protected":false},"featured_media":933,"template":"","meta":[],"product_cat":[39],"product_tag":[24],"_links":{"self":[{"href":"https:\/\/sherbrooke.redebins.ca\/fr\/wp-json\/wp\/v2\/product\/969"}],"collection":[{"href":"https:\/\/sherbrooke.redebins.ca\/fr\/wp-json\/wp\/v2\/product"}],"about":[{"href":"https:\/\/sherbrooke.redebins.ca\/fr\/wp-json\/wp\/v2\/types\/product"}],"wp:featuredmedia":[{"embeddable":true,"href":"https:\/\/sherbrooke.redebins.ca\/fr\/wp-json\/wp\/v2\/media\/933"}],"wp:attachment":[{"href":"https:\/\/sherbrooke.redebins.ca\/fr\/wp-json\/wp\/v2\/media?parent=969"}],"wp:term":[{"taxonomy":"product_cat","embeddable":true,"href":"https:\/\/sherbrooke.redebins.ca\/fr\/wp-json\/wp\/v2\/product_cat?post=969"},{"taxonomy":"product_tag","embeddable":true,"href":"https:\/\/sherbrooke.redebins.ca\/fr\/wp-json\/wp\/v2\/product_tag?post=969"}],"curies":[{"name":"wp","href":"https:\/\/api.w.org\/{rel}","templated":true}]}}