{"id":382,"date":"2020-03-18T23:53:12","date_gmt":"2020-03-19T04:53:12","guid":{"rendered":"https:\/\/sherbrooke.redebins.ca\/?post_type=product&#038;p=382"},"modified":"2025-10-22T11:01:04","modified_gmt":"2025-10-22T16:01:04","slug":"5-yard-bin","status":"publish","type":"product","link":"https:\/\/sherbrooke.redebins.ca\/fr\/produit\/5-yard-bin\/","title":{"rendered":"Benne de 5 verges"},"content":{"rendered":"<p>Location d&#8217;une poubelle de 1 jour et de 5 verges. Parfait pour les d\u00e9chets m\u00e9nagers. (Le b\u00e9ton, le gravier, la boue et les bardeaux sont interdits dans le bac).<\/p>","protected":false},"excerpt":{"rendered":"<p>Location d&#8217;une poubelle de 1 jour et de 5 verges. Parfait pour les d\u00e9chets m\u00e9nagers. (Le b\u00e9ton, le gravier, la boue et les bardeaux sont interdits dans le bac).<\/p>","protected":false},"featured_media":737,"template":"","meta":[],"product_cat":[29],"product_tag":[24],"_links":{"self":[{"href":"https:\/\/sherbrooke.redebins.ca\/fr\/wp-json\/wp\/v2\/product\/382"}],"collection":[{"href":"https:\/\/sherbrooke.redebins.ca\/fr\/wp-json\/wp\/v2\/product"}],"about":[{"href":"https:\/\/sherbrooke.redebins.ca\/fr\/wp-json\/wp\/v2\/types\/product"}],"wp:featuredmedia":[{"embeddable":true,"href":"https:\/\/sherbrooke.redebins.ca\/fr\/wp-json\/wp\/v2\/media\/737"}],"wp:attachment":[{"href":"https:\/\/sherbrooke.redebins.ca\/fr\/wp-json\/wp\/v2\/media?parent=382"}],"wp:term":[{"taxonomy":"product_cat","embeddable":true,"href":"https:\/\/sherbrooke.redebins.ca\/fr\/wp-json\/wp\/v2\/product_cat?post=382"},{"taxonomy":"product_tag","embeddable":true,"href":"https:\/\/sherbrooke.redebins.ca\/fr\/wp-json\/wp\/v2\/product_tag?post=382"}],"curies":[{"name":"wp","href":"https:\/\/api.w.org\/{rel}","templated":true}]}}