{"id":378,"date":"2020-03-18T21:01:25","date_gmt":"2020-03-18T21:01:25","guid":{"rendered":"https:\/\/sherbrooke.redebins.ca\/?post_type=product&#038;p=378"},"modified":"2025-10-21T11:41:24","modified_gmt":"2025-10-21T16:41:24","slug":"3-day-72-hour-10-yard-bin-rental-perfect-for-household-waste-renovation-materials-etc-no-concrete-mud-gravel-or-shingles-allowed-in-bin","status":"publish","type":"product","link":"https:\/\/sherbrooke.redebins.ca\/fr\/produit\/3-day-72-hour-10-yard-bin-rental-perfect-for-household-waste-renovation-materials-etc-no-concrete-mud-gravel-or-shingles-allowed-in-bin\/","title":{"rendered":"Benne de 10 verges 1 jour"},"content":{"rendered":"<p>Location d&#8217;une benne de 10 verges en 1 jour. Parfait pour les d\u00e9chets m\u00e9nagers. (Le b\u00e9ton, le gravier, la boue et les bardeaux sont interdits dans le bac).<\/p>","protected":false},"excerpt":{"rendered":"<p>Location d&#8217;une benne de 10 verges en 1 jour. Parfait pour les d\u00e9chets m\u00e9nagers. (Le b\u00e9ton, le gravier, la boue et les bardeaux sont interdits dans le bac).<\/p>","protected":false},"featured_media":739,"template":"","meta":[],"product_cat":[30],"product_tag":[24],"_links":{"self":[{"href":"https:\/\/sherbrooke.redebins.ca\/fr\/wp-json\/wp\/v2\/product\/378"}],"collection":[{"href":"https:\/\/sherbrooke.redebins.ca\/fr\/wp-json\/wp\/v2\/product"}],"about":[{"href":"https:\/\/sherbrooke.redebins.ca\/fr\/wp-json\/wp\/v2\/types\/product"}],"wp:featuredmedia":[{"embeddable":true,"href":"https:\/\/sherbrooke.redebins.ca\/fr\/wp-json\/wp\/v2\/media\/739"}],"wp:attachment":[{"href":"https:\/\/sherbrooke.redebins.ca\/fr\/wp-json\/wp\/v2\/media?parent=378"}],"wp:term":[{"taxonomy":"product_cat","embeddable":true,"href":"https:\/\/sherbrooke.redebins.ca\/fr\/wp-json\/wp\/v2\/product_cat?post=378"},{"taxonomy":"product_tag","embeddable":true,"href":"https:\/\/sherbrooke.redebins.ca\/fr\/wp-json\/wp\/v2\/product_tag?post=378"}],"curies":[{"name":"wp","href":"https:\/\/api.w.org\/{rel}","templated":true}]}}