{"id":1560,"date":"2024-01-09T20:23:03","date_gmt":"2024-01-10T02:23:03","guid":{"rendered":"https:\/\/sherbrooke.redebins.ca\/?post_type=product&#038;p=1560"},"modified":"2024-11-05T11:05:57","modified_gmt":"2024-11-05T17:05:57","slug":"dumpster-bag-purchase","status":"publish","type":"product","link":"https:\/\/sherbrooke.redebins.ca\/fr\/produit\/dumpster-bag-purchase\/","title":{"rendered":"Sac de 2 verges"},"content":{"rendered":"<p>Nous d\u00e9poserons votre sac \u00e0 benne dans les 3 jours ouvrables suivant votre achat. Vous le gardez aussi longtemps que vous le souhaitez et jusqu&#8217;\u00e0 ce que le livre de ramassage soit pr\u00eat. La boue, le gravier, le pl\u00e2tre ou le b\u00e9ton ne sont pas autoris\u00e9s dans le sac. Limite de poids de 3300lb.<\/p>","protected":false},"excerpt":{"rendered":"<p>Nous d\u00e9poserons votre sac \u00e0 benne dans les 3 jours ouvrables suivant votre achat. Vous le gardez aussi longtemps que vous le souhaitez et jusqu&#8217;\u00e0 ce que le livre de ramassage soit pr\u00eat. La boue, le gravier, le pl\u00e2tre ou le b\u00e9ton ne sont pas autoris\u00e9s dans le sac. Limite de poids de 3300lb.<\/p>","protected":false},"featured_media":1561,"template":"","meta":[],"product_cat":[40],"product_tag":[],"_links":{"self":[{"href":"https:\/\/sherbrooke.redebins.ca\/fr\/wp-json\/wp\/v2\/product\/1560"}],"collection":[{"href":"https:\/\/sherbrooke.redebins.ca\/fr\/wp-json\/wp\/v2\/product"}],"about":[{"href":"https:\/\/sherbrooke.redebins.ca\/fr\/wp-json\/wp\/v2\/types\/product"}],"wp:featuredmedia":[{"embeddable":true,"href":"https:\/\/sherbrooke.redebins.ca\/fr\/wp-json\/wp\/v2\/media\/1561"}],"wp:attachment":[{"href":"https:\/\/sherbrooke.redebins.ca\/fr\/wp-json\/wp\/v2\/media?parent=1560"}],"wp:term":[{"taxonomy":"product_cat","embeddable":true,"href":"https:\/\/sherbrooke.redebins.ca\/fr\/wp-json\/wp\/v2\/product_cat?post=1560"},{"taxonomy":"product_tag","embeddable":true,"href":"https:\/\/sherbrooke.redebins.ca\/fr\/wp-json\/wp\/v2\/product_tag?post=1560"}],"curies":[{"name":"wp","href":"https:\/\/api.w.org\/{rel}","templated":true}]}}