{"id":1065,"date":"2022-09-20T05:28:44","date_gmt":"2022-09-20T04:28:44","guid":{"rendered":"https:\/\/ottawa.redebins.ca\/?page_id=1065"},"modified":"2023-01-27T04:24:10","modified_gmt":"2023-01-27T04:24:10","slug":"dos-and-donts","status":"publish","type":"page","link":"https:\/\/sherbrooke.redebins.ca\/fr\/dos-and-donts\/","title":{"rendered":"DOS AND DON&#8217;TS"},"content":{"rendered":"<div data-vc-full-width=\"true\" data-vc-full-width-init=\"false\" class=\"vc_row wpb_row vc_row-fluid vc_custom_1674522347912 vc_row-has-fill\"><div class=\"wpb_column vc_column_container vc_col-sm-12\"><div class=\"vc_column-inner\"><div class=\"wpb_wrapper\">\n\t<div class=\"wpb_text_column wpb_content_element\">\n\t\t<div class=\"wpb_wrapper\">\n\t\t\t<h2 style=\"text-align: center;\">RED-E-BINS \u00c0 FAIRE ET \u00c0 NE PAS FAIRE<\/h2>\n\n\t\t<\/div>\n\t<\/div>\n<\/div><\/div><\/div><\/div><div class=\"vc_row-full-width vc_clearfix\"><\/div><div class=\"vc_row wpb_row vc_row-fluid\"><div class=\"wpb_column vc_column_container vc_col-sm-12\"><div class=\"vc_column-inner\"><div class=\"wpb_wrapper\">\n\t<div class=\"wpb_text_column wpb_content_element\">\n\t\t<div class=\"wpb_wrapper\">\n\t\t\t<h2 style=\"text-align: center;\">Articles accept\u00e9s et interdits<\/h2>\n<p style=\"text-align: center;\">Il existe des r\u00e9glementations strictes sur ce qui peut \u00eatre \u00e9limin\u00e9 en toute s\u00e9curit\u00e9 et sur ce que RED-E-BINS n'est pas autoris\u00e9 \u00e0 traiter. Le client sera factur\u00e9 en suppl\u00e9ment en cas de non-conformit\u00e9.<\/p>\n<p style=\"text-align: center;\">Passez en revue les listes ci-dessous\u00a0:<\/p>\n\n\t\t<\/div>\n\t<\/div>\n<\/div><\/div><\/div><\/div><div class=\"vc_row wpb_row vc_row-fluid vc_column-gap-10 vc_row-o-equal-height vc_row-flex\"><div class=\"wpb_column vc_column_container vc_col-sm-6 vc_col-has-fill\"><div class=\"vc_column-inner vc_custom_1663647802684\"><div class=\"wpb_wrapper\">\n\t<div class=\"wpb_text_column wpb_content_element\">\n\t\t<div class=\"wpb_wrapper\">\n\t\t\t<h4 style=\"text-align: center;\"><span style=\"color: #ffffff;\"><strong><b>Ce que vous POUVEZ jeter dans un RED-E-BIN<\/b><\/strong><\/span><\/h4>\n\n\t\t<\/div>\n\t<\/div>\n\n\t<div class=\"wpb_text_column wpb_content_element  vc_custom_1663648112832\">\n\t\t<div class=\"wpb_wrapper\">\n\t\t\t<p><strong>D\u00e9chets mixtes<\/strong><\/p>\n<ul>\n<li>Meubles<\/li>\n<li>V\u00eatements<\/li>\n<li>Jouets<\/li>\n<li>Emballage<\/li>\n<li>Autres articles m\u00e9nagers g\u00e9n\u00e9raux<\/li>\n<li>Matelas (payant)<\/li>\n<li>Sommiers (payant)<\/li>\n<li>Plastique<\/li>\n<li style=\"list-style-type: none;\"><\/li>\n<\/ul>\n<p><strong>Construction et d\u00e9molition<\/strong><\/p>\n<ul>\n<li>Bardage<\/li>\n<li>\u00c9b\u00e9nisterie<\/li>\n<li>Bois de construction<\/li>\n<li>Cloison s\u00e8che<\/li>\n<li>les fen\u00eatres<\/li>\n<li>Tapis<\/li>\n<li>Sol<\/li>\n<li>Meuble en panne<\/li>\n<li>Bardeaux (doivent UNIQUEMENT \u00eatre jet\u00e9s dans notre 5YD RED-E-BIN)<\/li>\n<li>B\u00e9ton, asphalte, brique (doit UNIQUEMENT \u00eatre jet\u00e9 dans notre 5YD RED-E-BIN, et seulement \u00e0 mi-chemin pour respecter les limites de poids)<\/li>\n<\/ul>\n<p>&nbsp;<\/p>\n<p>&nbsp;<\/p>\n<p>&nbsp;<\/p>\n\n\t\t<\/div>\n\t<\/div>\n<\/div><\/div><\/div><div class=\"wpb_column vc_column_container vc_col-sm-6 vc_col-has-fill\"><div class=\"vc_column-inner vc_custom_1663647812042\"><div class=\"wpb_wrapper\">\n\t<div class=\"wpb_text_column wpb_content_element\">\n\t\t<div class=\"wpb_wrapper\">\n\t\t\t<h4 style=\"text-align: center;\"><span style=\"color: #ffffff;\"><strong><b>Ce que vous NE POUVEZ PAS jeter dans un RED-E-BIN<\/b><\/strong><\/span><\/h4>\n\n\t\t<\/div>\n\t<\/div>\n\n\t<div class=\"wpb_text_column wpb_content_element  vc_custom_1663648035940\">\n\t\t<div class=\"wpb_wrapper\">\n\t\t\t<ul>\n<li>Tout d\u00e9chet dangereux\u00a0: v\u00e9rifiez si les articles comportent un symbole de poison, de produit chimique ou de danger biologique sur leur \u00e9tiquette<\/li>\n<li>Ordinateurs, t\u00e9l\u00e9viseurs et moniteurs<\/li>\n<li>Imprimantes et t\u00e9l\u00e9copieurs<\/li>\n<li>Ballasts PCB<\/li>\n<li>Ampoules fluorescentes<\/li>\n<li>M\u00e9dicaments<\/li>\n<li>Batteries<\/li>\n<li>Pi\u00e8ces de voiture<\/li>\n<li>Solvants<\/li>\n<li>Diluants<\/li>\n<li>Filtres \u00e0 huile<\/li>\n<li>appareils \u00e9lectrom\u00e9nagers<\/li>\n<li>Bonbonnes de propane<\/li>\n<li>Micro-ondes<\/li>\n<li>Traverses de chemin de fer<\/li>\n<li>Tondeuses \u00e0 gazon, souffleuses \u00e0 neige et autres<\/li>\n<li>Tapis de course, machines elliptiques et similaires<\/li>\n<li>Fours<\/li>\n<li>Sol<\/li>\n<li>Salet\u00e9<\/li>\n<li>Les d\u00e9chets de jardin<\/li>\n<li>Sable<\/li>\n<li>Unit\u00e9s de climatisation<\/li>\n<li>Peindre<\/li>\n<li>Huiles<\/li>\n<li>Calques<\/li>\n<li>D\u00e9chets alimentaires<\/li>\n<li>Plus de 3 tonnes (6 000 lb) de poids<\/li>\n<\/ul>\n<ul>\n<li style=\"list-style-type: none;\"><\/li>\n<\/ul>\n\n\t\t<\/div>\n\t<\/div>\n<\/div><\/div><\/div><\/div><div class=\"vc_row wpb_row vc_row-fluid\"><div class=\"wpb_column vc_column_container vc_col-sm-12\"><div class=\"vc_column-inner\"><div class=\"wpb_wrapper\">\n\t<div class=\"wpb_text_column wpb_content_element\">\n\t\t<div class=\"wpb_wrapper\">\n\t\t\t<p>Vous n'avez pas vu votre article r\u00e9pertori\u00e9 ci-dessus\u00a0? Si vous n'\u00eates pas s\u00fbr d'un article ou du type de poubelle \u00e0 commander, contactez-nous. Si nous ne pouvons pas accepter un article, nous avons g\u00e9n\u00e9ralement des ressources alternatives pour vous.<\/p>\n\n\t\t<\/div>\n\t<\/div>\n<\/div><\/div><\/div><\/div>","protected":false},"excerpt":{"rendered":"RED-E-BINS DO'S AND DON'TS Accepted and Prohibited Items There are strict regulations on what can be disposed of safely and what RED-E-BINS is not authorized to process.\u00a0 Customer will be charge extra for none compliance. Review the lists below: What you CAN Dispose of in a RED-E-BIN Mixed Trash Furniture Clothes Toys Packaging Other general<div><a class=\"btn-filled btn\" href=\"https:\/\/sherbrooke.redebins.ca\/fr\/dos-and-donts\/\" title=\"DOS AND DON&#8217;TS\">Lire la suite<\/a><\/div>","protected":false},"author":1,"featured_media":0,"parent":0,"menu_order":0,"comment_status":"closed","ping_status":"closed","template":"page-templates\/full-width.php","meta":{"footnotes":""},"_links":{"self":[{"href":"https:\/\/sherbrooke.redebins.ca\/fr\/wp-json\/wp\/v2\/pages\/1065"}],"collection":[{"href":"https:\/\/sherbrooke.redebins.ca\/fr\/wp-json\/wp\/v2\/pages"}],"about":[{"href":"https:\/\/sherbrooke.redebins.ca\/fr\/wp-json\/wp\/v2\/types\/page"}],"author":[{"embeddable":true,"href":"https:\/\/sherbrooke.redebins.ca\/fr\/wp-json\/wp\/v2\/users\/1"}],"replies":[{"embeddable":true,"href":"https:\/\/sherbrooke.redebins.ca\/fr\/wp-json\/wp\/v2\/comments?post=1065"}],"version-history":[{"count":4,"href":"https:\/\/sherbrooke.redebins.ca\/fr\/wp-json\/wp\/v2\/pages\/1065\/revisions"}],"predecessor-version":[{"id":1295,"href":"https:\/\/sherbrooke.redebins.ca\/fr\/wp-json\/wp\/v2\/pages\/1065\/revisions\/1295"}],"wp:attachment":[{"href":"https:\/\/sherbrooke.redebins.ca\/fr\/wp-json\/wp\/v2\/media?parent=1065"}],"curies":[{"name":"wp","href":"https:\/\/api.w.org\/{rel}","templated":true}]}}